{"id":327,"date":"2025-10-15T14:32:03","date_gmt":"2025-10-15T14:32:03","guid":{"rendered":"https:\/\/jolly-bartik.49-13-251-93.plesk.page\/?page_id=327"},"modified":"2025-10-16T08:41:08","modified_gmt":"2025-10-16T08:41:08","slug":"servicios","status":"publish","type":"page","link":"https:\/\/jolly-bartik.49-13-251-93.plesk.page\/en\/servicios\/","title":{"rendered":"Services"},"content":{"rendered":"<div data-elementor-type=\"wp-page\" data-elementor-id=\"327\" class=\"elementor elementor-327\">\n\t\t\t\t<div class=\"elementor-element elementor-element-7247a74 e-flex e-con-boxed e-con e-parent\" data-id=\"7247a74\" data-element_type=\"container\" data-settings=\"{&quot;background_background&quot;:&quot;classic&quot;}\">\n\t\t\t\t\t<div class=\"e-con-inner\">\n\t\t<div class=\"elementor-element elementor-element-71302be e-con-full e-flex e-con e-child\" data-id=\"71302be\" data-element_type=\"container\">\n\t\t\t\t<div class=\"elementor-element elementor-element-232da44 elementor-invisible elementor-widget elementor-widget-heading\" data-id=\"232da44\" data-element_type=\"widget\" data-settings=\"{&quot;_animation&quot;:&quot;fadeInUp&quot;}\" data-widget_type=\"heading.default\">\n\t\t\t\t\t<h2 class=\"elementor-heading-title elementor-size-default\">Discover more about JMP Construcciones<\/h2>\t\t\t\t<\/div>\n\t\t\t\t<div class=\"elementor-element elementor-element-1babee9 elementor-widget__width-initial elementor-invisible elementor-widget elementor-widget-heading\" data-id=\"1babee9\" data-element_type=\"widget\" data-settings=\"{&quot;_animation&quot;:&quot;fadeInUp&quot;}\" data-widget_type=\"heading.default\">\n\t\t\t\t\t<h1 class=\"elementor-heading-title elementor-size-default\">Services<\/h1>\t\t\t\t<\/div>\n\t\t\t\t<\/div>\n\t\t\t\t\t<\/div>\n\t\t\t\t<\/div>\n\t\t<div class=\"elementor-element elementor-element-6f0af90 e-flex e-con-boxed e-con e-parent\" data-id=\"6f0af90\" data-element_type=\"container\" data-settings=\"{&quot;background_background&quot;:&quot;classic&quot;}\">\n\t\t\t\t\t<div class=\"e-con-inner\">\n\t\t<div class=\"elementor-element elementor-element-4f17ad23 e-con-full e-flex e-con e-child\" data-id=\"4f17ad23\" data-element_type=\"container\">\n\t\t\t\t<div class=\"elementor-element elementor-element-50343532 elementor-invisible elementor-widget elementor-widget-heading\" data-id=\"50343532\" data-element_type=\"widget\" data-settings=\"{&quot;_animation&quot;:&quot;fadeInUp&quot;}\" data-widget_type=\"heading.default\">\n\t\t\t\t\t<h6 class=\"elementor-heading-title elementor-size-default\">Services<\/h6>\t\t\t\t<\/div>\n\t\t\t\t<div class=\"elementor-element elementor-element-7cd7c0f0 elementor-widget__width-initial elementor-invisible elementor-widget elementor-widget-heading\" data-id=\"7cd7c0f0\" data-element_type=\"widget\" data-settings=\"{&quot;_animation&quot;:&quot;fadeInUp&quot;}\" data-widget_type=\"heading.default\">\n\t\t\t\t\t<h1 class=\"elementor-heading-title elementor-size-default\">We build custom solutions for each project<\/h1>\t\t\t\t<\/div>\n\t\t\t\t<div class=\"elementor-element elementor-element-b0dcc3c elementor-widget elementor-widget-text-editor\" data-id=\"b0dcc3c\" data-element_type=\"widget\" data-widget_type=\"text-editor.default\">\n\t\t\t\t\t\t\t\t\t<p class=\"translation-block\">At <strong data-start=\"662\" data-end=\"684\">JMP Construcciones<\/strong> we offer a comprehensive service that covers all areas of construction: from new construction and comprehensive renovations to industrial projects and building rehabilitation.<br data-start=\"861\" data-end=\"864\">Each job is carried out with technical precision, quality materials and an absolute commitment to deadlines and customer satisfaction.<\/p>\t\t\t\t\t\t\t\t<\/div>\n\t\t<div class=\"elementor-element elementor-element-5ada855c e-grid e-con-full e-con e-child\" data-id=\"5ada855c\" data-element_type=\"container\">\n\t\t<div class=\"elementor-element elementor-element-278b6533 e-con-full e-flex elementor-invisible e-con e-child\" data-id=\"278b6533\" data-element_type=\"container\" data-settings=\"{&quot;background_background&quot;:&quot;classic&quot;,&quot;animation&quot;:&quot;fadeInUp&quot;}\">\n\t\t\t\t<div class=\"elementor-element elementor-element-275ee06a elementor-vertical-align-top elementor-widget elementor-widget-image-box\" data-id=\"275ee06a\" data-element_type=\"widget\" data-widget_type=\"image-box.default\">\n\t\t\t\t\t<div class=\"elementor-image-box-wrapper\"><div class=\"elementor-image-box-content\"><h5 class=\"elementor-image-box-title\">Housing Construction<\/h5><p class=\"elementor-image-box-description\">We create custom single-family homes, combining design, energy efficiency, and high-quality materials in every detail.<\/p><\/div><\/div>\t\t\t\t<\/div>\n\t\t\t\t<div class=\"elementor-element elementor-element-40e55643 elementor-widget elementor-widget-image\" data-id=\"40e55643\" data-element_type=\"widget\" data-widget_type=\"image.default\">\n\t\t\t\t\t\t\t\t\t\t\t\t\t\t\t<img fetchpriority=\"high\" decoding=\"async\" width=\"1100\" height=\"838\" src=\"https:\/\/jolly-bartik.49-13-251-93.plesk.page\/wp-content\/uploads\/2025\/10\/jmp_proyectos_11.jpg\" class=\"attachment-full size-full wp-image-302\" alt=\"\" srcset=\"https:\/\/jolly-bartik.49-13-251-93.plesk.page\/wp-content\/uploads\/2025\/10\/jmp_proyectos_11.jpg 1100w, https:\/\/jolly-bartik.49-13-251-93.plesk.page\/wp-content\/uploads\/2025\/10\/jmp_proyectos_11-300x229.jpg 300w, https:\/\/jolly-bartik.49-13-251-93.plesk.page\/wp-content\/uploads\/2025\/10\/jmp_proyectos_11-1024x780.jpg 1024w, https:\/\/jolly-bartik.49-13-251-93.plesk.page\/wp-content\/uploads\/2025\/10\/jmp_proyectos_11-768x585.jpg 768w\" sizes=\"(max-width: 1100px) 100vw, 1100px\" \/>\t\t\t\t\t\t\t\t\t\t\t\t\t\t\t<\/div>\n\t\t\t\t<\/div>\n\t\t<div class=\"elementor-element elementor-element-31a8bc73 e-con-full e-flex elementor-invisible e-con e-child\" data-id=\"31a8bc73\" data-element_type=\"container\" data-settings=\"{&quot;background_background&quot;:&quot;classic&quot;,&quot;animation&quot;:&quot;fadeInUp&quot;,&quot;animation_delay&quot;:250}\">\n\t\t\t\t<div class=\"elementor-element elementor-element-61d2d2e0 elementor-vertical-align-top elementor-widget elementor-widget-image-box\" data-id=\"61d2d2e0\" data-element_type=\"widget\" data-widget_type=\"image-box.default\">\n\t\t\t\t\t<div class=\"elementor-image-box-wrapper\"><div class=\"elementor-image-box-content\"><h5 class=\"elementor-image-box-title\">Comprehensive Reforms<\/h5><p class=\"elementor-image-box-description\">We transform homes and spaces, renewing their aesthetics and functionality with modern, durable, and perfectly executed finishes.<\/p><\/div><\/div>\t\t\t\t<\/div>\n\t\t\t\t<div class=\"elementor-element elementor-element-30bcac8d elementor-widget elementor-widget-image\" data-id=\"30bcac8d\" data-element_type=\"widget\" data-widget_type=\"image.default\">\n\t\t\t\t\t\t\t\t\t\t\t\t\t\t\t<img decoding=\"async\" width=\"1100\" height=\"838\" src=\"https:\/\/jolly-bartik.49-13-251-93.plesk.page\/wp-content\/uploads\/2025\/10\/jmp_proyectos_16.jpg\" class=\"attachment-full size-full wp-image-359\" alt=\"\" srcset=\"https:\/\/jolly-bartik.49-13-251-93.plesk.page\/wp-content\/uploads\/2025\/10\/jmp_proyectos_16.jpg 1100w, https:\/\/jolly-bartik.49-13-251-93.plesk.page\/wp-content\/uploads\/2025\/10\/jmp_proyectos_16-300x229.jpg 300w, https:\/\/jolly-bartik.49-13-251-93.plesk.page\/wp-content\/uploads\/2025\/10\/jmp_proyectos_16-1024x780.jpg 1024w, https:\/\/jolly-bartik.49-13-251-93.plesk.page\/wp-content\/uploads\/2025\/10\/jmp_proyectos_16-768x585.jpg 768w\" sizes=\"(max-width: 1100px) 100vw, 1100px\" \/>\t\t\t\t\t\t\t\t\t\t\t\t\t\t\t<\/div>\n\t\t\t\t<\/div>\n\t\t<div class=\"elementor-element elementor-element-149c6d6c e-con-full e-flex elementor-invisible e-con e-child\" data-id=\"149c6d6c\" data-element_type=\"container\" data-settings=\"{&quot;background_background&quot;:&quot;classic&quot;,&quot;animation&quot;:&quot;fadeInUp&quot;,&quot;animation_delay&quot;:500}\">\n\t\t\t\t<div class=\"elementor-element elementor-element-47707735 elementor-vertical-align-top elementor-widget elementor-widget-image-box\" data-id=\"47707735\" data-element_type=\"widget\" data-widget_type=\"image-box.default\">\n\t\t\t\t\t<div class=\"elementor-image-box-wrapper\"><div class=\"elementor-image-box-content\"><h5 class=\"elementor-image-box-title\">Building Rehabilitation<\/h5><p class=\"elementor-image-box-description\">We restore and modernize buildings, improving their structure, insulation, and efficiency to extend their useful life and architectural value.<\/p><\/div><\/div>\t\t\t\t<\/div>\n\t\t\t\t<div class=\"elementor-element elementor-element-2c634177 elementor-widget elementor-widget-image\" data-id=\"2c634177\" data-element_type=\"widget\" data-widget_type=\"image.default\">\n\t\t\t\t\t\t\t\t\t\t\t\t\t\t\t<img decoding=\"async\" width=\"1100\" height=\"838\" src=\"https:\/\/jolly-bartik.49-13-251-93.plesk.page\/wp-content\/uploads\/2025\/10\/jmp_proyectos_1.jpg\" class=\"attachment-full size-full wp-image-292\" alt=\"\" srcset=\"https:\/\/jolly-bartik.49-13-251-93.plesk.page\/wp-content\/uploads\/2025\/10\/jmp_proyectos_1.jpg 1100w, https:\/\/jolly-bartik.49-13-251-93.plesk.page\/wp-content\/uploads\/2025\/10\/jmp_proyectos_1-300x229.jpg 300w, https:\/\/jolly-bartik.49-13-251-93.plesk.page\/wp-content\/uploads\/2025\/10\/jmp_proyectos_1-1024x780.jpg 1024w, https:\/\/jolly-bartik.49-13-251-93.plesk.page\/wp-content\/uploads\/2025\/10\/jmp_proyectos_1-768x585.jpg 768w\" sizes=\"(max-width: 1100px) 100vw, 1100px\" \/>\t\t\t\t\t\t\t\t\t\t\t\t\t\t\t<\/div>\n\t\t\t\t<\/div>\n\t\t<div class=\"elementor-element elementor-element-42946117 e-con-full e-flex elementor-invisible e-con e-child\" data-id=\"42946117\" data-element_type=\"container\" data-settings=\"{&quot;background_background&quot;:&quot;classic&quot;,&quot;animation&quot;:&quot;fadeInUp&quot;}\">\n\t\t\t\t<div class=\"elementor-element elementor-element-43e0242a elementor-vertical-align-top elementor-widget elementor-widget-image-box\" data-id=\"43e0242a\" data-element_type=\"widget\" data-widget_type=\"image-box.default\">\n\t\t\t\t\t<div class=\"elementor-image-box-wrapper\"><div class=\"elementor-image-box-content\"><h5 class=\"elementor-image-box-title\">New and Civil Works<\/h5><p class=\"elementor-image-box-description\">We develop new construction and civil projects with technical precision, ensuring safety, solidity, and compliance with deadlines.<\/p><\/div><\/div>\t\t\t\t<\/div>\n\t\t\t\t<div class=\"elementor-element elementor-element-2f0d04ee elementor-widget elementor-widget-image\" data-id=\"2f0d04ee\" data-element_type=\"widget\" data-widget_type=\"image.default\">\n\t\t\t\t\t\t\t\t\t\t\t\t\t\t\t<img loading=\"lazy\" decoding=\"async\" width=\"1100\" height=\"838\" src=\"https:\/\/jolly-bartik.49-13-251-93.plesk.page\/wp-content\/uploads\/2025\/10\/jmp_proyectos_6.jpg\" class=\"attachment-full size-full wp-image-297\" alt=\"\" srcset=\"https:\/\/jolly-bartik.49-13-251-93.plesk.page\/wp-content\/uploads\/2025\/10\/jmp_proyectos_6.jpg 1100w, https:\/\/jolly-bartik.49-13-251-93.plesk.page\/wp-content\/uploads\/2025\/10\/jmp_proyectos_6-300x229.jpg 300w, https:\/\/jolly-bartik.49-13-251-93.plesk.page\/wp-content\/uploads\/2025\/10\/jmp_proyectos_6-1024x780.jpg 1024w, https:\/\/jolly-bartik.49-13-251-93.plesk.page\/wp-content\/uploads\/2025\/10\/jmp_proyectos_6-768x585.jpg 768w\" sizes=\"(max-width: 1100px) 100vw, 1100px\" \/>\t\t\t\t\t\t\t\t\t\t\t\t\t\t\t<\/div>\n\t\t\t\t<\/div>\n\t\t<div class=\"elementor-element elementor-element-7fb31f7e e-con-full e-flex elementor-invisible e-con e-child\" data-id=\"7fb31f7e\" data-element_type=\"container\" data-settings=\"{&quot;background_background&quot;:&quot;classic&quot;,&quot;animation&quot;:&quot;fadeInUp&quot;,&quot;animation_delay&quot;:250}\">\n\t\t\t\t<div class=\"elementor-element elementor-element-76e9cb19 elementor-vertical-align-top elementor-widget elementor-widget-image-box\" data-id=\"76e9cb19\" data-element_type=\"widget\" data-widget_type=\"image-box.default\">\n\t\t\t\t\t<div class=\"elementor-image-box-wrapper\"><div class=\"elementor-image-box-content\"><h5 class=\"elementor-image-box-title\">Industrial Construction<\/h5><p class=\"elementor-image-box-description\">We build efficient warehouses and industrial spaces, adapted to production needs and with maximum structural safety.<\/p><\/div><\/div>\t\t\t\t<\/div>\n\t\t\t\t<div class=\"elementor-element elementor-element-7f8e6676 elementor-widget elementor-widget-image\" data-id=\"7f8e6676\" data-element_type=\"widget\" data-widget_type=\"image.default\">\n\t\t\t\t\t\t\t\t\t\t\t\t\t\t\t<img loading=\"lazy\" decoding=\"async\" width=\"1100\" height=\"838\" src=\"https:\/\/jolly-bartik.49-13-251-93.plesk.page\/wp-content\/uploads\/2025\/10\/jmp_proyectos_8.jpg\" class=\"attachment-full size-full wp-image-299\" alt=\"\" srcset=\"https:\/\/jolly-bartik.49-13-251-93.plesk.page\/wp-content\/uploads\/2025\/10\/jmp_proyectos_8.jpg 1100w, https:\/\/jolly-bartik.49-13-251-93.plesk.page\/wp-content\/uploads\/2025\/10\/jmp_proyectos_8-300x229.jpg 300w, https:\/\/jolly-bartik.49-13-251-93.plesk.page\/wp-content\/uploads\/2025\/10\/jmp_proyectos_8-1024x780.jpg 1024w, https:\/\/jolly-bartik.49-13-251-93.plesk.page\/wp-content\/uploads\/2025\/10\/jmp_proyectos_8-768x585.jpg 768w\" sizes=\"(max-width: 1100px) 100vw, 1100px\" \/>\t\t\t\t\t\t\t\t\t\t\t\t\t\t\t<\/div>\n\t\t\t\t<\/div>\n\t\t<div class=\"elementor-element elementor-element-16f5cc98 e-con-full e-flex elementor-invisible e-con e-child\" data-id=\"16f5cc98\" data-element_type=\"container\" data-settings=\"{&quot;background_background&quot;:&quot;classic&quot;,&quot;animation&quot;:&quot;fadeInUp&quot;,&quot;animation_delay&quot;:500}\">\n\t\t\t\t<div class=\"elementor-element elementor-element-3dc22a1 elementor-vertical-align-top elementor-widget elementor-widget-image-box\" data-id=\"3dc22a1\" data-element_type=\"widget\" data-widget_type=\"image-box.default\">\n\t\t\t\t\t<div class=\"elementor-image-box-wrapper\"><div class=\"elementor-image-box-content\"><h5 class=\"elementor-image-box-title\">Building Structures<\/h5><p class=\"elementor-image-box-description\">We create steel or concrete structures for all types of buildings, prioritizing strength and durability.<\/p><\/div><\/div>\t\t\t\t<\/div>\n\t\t\t\t<div class=\"elementor-element elementor-element-52130a56 elementor-widget elementor-widget-image\" data-id=\"52130a56\" data-element_type=\"widget\" data-widget_type=\"image.default\">\n\t\t\t\t\t\t\t\t\t\t\t\t\t\t\t<img loading=\"lazy\" decoding=\"async\" width=\"1100\" height=\"838\" src=\"https:\/\/jolly-bartik.49-13-251-93.plesk.page\/wp-content\/uploads\/2025\/10\/jmp_proyectos_7.jpg\" class=\"attachment-full size-full wp-image-298\" alt=\"\" srcset=\"https:\/\/jolly-bartik.49-13-251-93.plesk.page\/wp-content\/uploads\/2025\/10\/jmp_proyectos_7.jpg 1100w, https:\/\/jolly-bartik.49-13-251-93.plesk.page\/wp-content\/uploads\/2025\/10\/jmp_proyectos_7-300x229.jpg 300w, https:\/\/jolly-bartik.49-13-251-93.plesk.page\/wp-content\/uploads\/2025\/10\/jmp_proyectos_7-1024x780.jpg 1024w, https:\/\/jolly-bartik.49-13-251-93.plesk.page\/wp-content\/uploads\/2025\/10\/jmp_proyectos_7-768x585.jpg 768w\" sizes=\"(max-width: 1100px) 100vw, 1100px\" \/>\t\t\t\t\t\t\t\t\t\t\t\t\t\t\t<\/div>\n\t\t\t\t<\/div>\n\t\t<div class=\"elementor-element elementor-element-b080e40 e-con-full e-flex elementor-invisible e-con e-child\" data-id=\"b080e40\" data-element_type=\"container\" data-settings=\"{&quot;background_background&quot;:&quot;classic&quot;,&quot;animation&quot;:&quot;fadeInUp&quot;}\">\n\t\t\t\t<div class=\"elementor-element elementor-element-5525c0a elementor-vertical-align-top elementor-widget elementor-widget-image-box\" data-id=\"5525c0a\" data-element_type=\"widget\" data-widget_type=\"image-box.default\">\n\t\t\t\t\t<div class=\"elementor-image-box-wrapper\"><div class=\"elementor-image-box-content\"><h5 class=\"elementor-image-box-title\">Waterproofing and Insulation<\/h5><p class=\"elementor-image-box-description\">We apply professional solutions to combat damp and leaks, improving the efficiency and comfort of any property.<\/p><\/div><\/div>\t\t\t\t<\/div>\n\t\t\t\t<div class=\"elementor-element elementor-element-018e75c elementor-widget elementor-widget-image\" data-id=\"018e75c\" data-element_type=\"widget\" data-widget_type=\"image.default\">\n\t\t\t\t\t\t\t\t\t\t\t\t\t\t\t<img loading=\"lazy\" decoding=\"async\" width=\"1100\" height=\"838\" src=\"https:\/\/jolly-bartik.49-13-251-93.plesk.page\/wp-content\/uploads\/2025\/10\/jmp_proyectos_14.jpg\" class=\"attachment-full size-full wp-image-305\" alt=\"\" srcset=\"https:\/\/jolly-bartik.49-13-251-93.plesk.page\/wp-content\/uploads\/2025\/10\/jmp_proyectos_14.jpg 1100w, https:\/\/jolly-bartik.49-13-251-93.plesk.page\/wp-content\/uploads\/2025\/10\/jmp_proyectos_14-300x229.jpg 300w, https:\/\/jolly-bartik.49-13-251-93.plesk.page\/wp-content\/uploads\/2025\/10\/jmp_proyectos_14-1024x780.jpg 1024w, https:\/\/jolly-bartik.49-13-251-93.plesk.page\/wp-content\/uploads\/2025\/10\/jmp_proyectos_14-768x585.jpg 768w\" sizes=\"(max-width: 1100px) 100vw, 1100px\" \/>\t\t\t\t\t\t\t\t\t\t\t\t\t\t\t<\/div>\n\t\t\t\t<\/div>\n\t\t<div class=\"elementor-element elementor-element-9a3fc34 e-con-full e-flex elementor-invisible e-con e-child\" data-id=\"9a3fc34\" data-element_type=\"container\" data-settings=\"{&quot;background_background&quot;:&quot;classic&quot;,&quot;animation&quot;:&quot;fadeInUp&quot;,&quot;animation_delay&quot;:250}\">\n\t\t\t\t<div class=\"elementor-element elementor-element-25e1e30 elementor-vertical-align-top elementor-widget elementor-widget-image-box\" data-id=\"25e1e30\" data-element_type=\"widget\" data-widget_type=\"image-box.default\">\n\t\t\t\t\t<div class=\"elementor-image-box-wrapper\"><div class=\"elementor-image-box-content\"><h5 class=\"elementor-image-box-title\">Trade Reforms<\/h5><p class=\"elementor-image-box-description\">We refurbish premises and offices, creating functional, attractive spaces tailored to the image of each business.<\/p><\/div><\/div>\t\t\t\t<\/div>\n\t\t\t\t<div class=\"elementor-element elementor-element-16fdb35 elementor-widget elementor-widget-image\" data-id=\"16fdb35\" data-element_type=\"widget\" data-widget_type=\"image.default\">\n\t\t\t\t\t\t\t\t\t\t\t\t\t\t\t<img loading=\"lazy\" decoding=\"async\" width=\"1100\" height=\"838\" src=\"https:\/\/jolly-bartik.49-13-251-93.plesk.page\/wp-content\/uploads\/2025\/10\/jmp_proyectos_4.jpg\" class=\"attachment-full size-full wp-image-295\" alt=\"\" srcset=\"https:\/\/jolly-bartik.49-13-251-93.plesk.page\/wp-content\/uploads\/2025\/10\/jmp_proyectos_4.jpg 1100w, https:\/\/jolly-bartik.49-13-251-93.plesk.page\/wp-content\/uploads\/2025\/10\/jmp_proyectos_4-300x229.jpg 300w, https:\/\/jolly-bartik.49-13-251-93.plesk.page\/wp-content\/uploads\/2025\/10\/jmp_proyectos_4-1024x780.jpg 1024w, https:\/\/jolly-bartik.49-13-251-93.plesk.page\/wp-content\/uploads\/2025\/10\/jmp_proyectos_4-768x585.jpg 768w\" sizes=\"(max-width: 1100px) 100vw, 1100px\" \/>\t\t\t\t\t\t\t\t\t\t\t\t\t\t\t<\/div>\n\t\t\t\t<\/div>\n\t\t<div class=\"elementor-element elementor-element-6888f9e e-con-full e-flex elementor-invisible e-con e-child\" data-id=\"6888f9e\" data-element_type=\"container\" data-settings=\"{&quot;background_background&quot;:&quot;classic&quot;,&quot;animation&quot;:&quot;fadeInUp&quot;,&quot;animation_delay&quot;:500}\">\n\t\t\t\t<div class=\"elementor-element elementor-element-685ee11 elementor-vertical-align-top elementor-widget elementor-widget-image-box\" data-id=\"685ee11\" data-element_type=\"widget\" data-widget_type=\"image-box.default\">\n\t\t\t\t\t<div class=\"elementor-image-box-wrapper\"><div class=\"elementor-image-box-content\"><h5 class=\"elementor-image-box-title\">Construction in Stone and Masonry<\/h5><p class=\"elementor-image-box-description\">Specialists in stonework, we combine traditional and modern techniques to achieve unique and elegant finishes.<\/p><\/div><\/div>\t\t\t\t<\/div>\n\t\t\t\t<div class=\"elementor-element elementor-element-7fe0caf elementor-widget elementor-widget-image\" data-id=\"7fe0caf\" data-element_type=\"widget\" data-widget_type=\"image.default\">\n\t\t\t\t\t\t\t\t\t\t\t\t\t\t\t<img loading=\"lazy\" decoding=\"async\" width=\"1100\" height=\"838\" src=\"https:\/\/jolly-bartik.49-13-251-93.plesk.page\/wp-content\/uploads\/2025\/10\/jmp_proyectos_9.jpg\" class=\"attachment-full size-full wp-image-300\" alt=\"\" srcset=\"https:\/\/jolly-bartik.49-13-251-93.plesk.page\/wp-content\/uploads\/2025\/10\/jmp_proyectos_9.jpg 1100w, https:\/\/jolly-bartik.49-13-251-93.plesk.page\/wp-content\/uploads\/2025\/10\/jmp_proyectos_9-300x229.jpg 300w, https:\/\/jolly-bartik.49-13-251-93.plesk.page\/wp-content\/uploads\/2025\/10\/jmp_proyectos_9-1024x780.jpg 1024w, https:\/\/jolly-bartik.49-13-251-93.plesk.page\/wp-content\/uploads\/2025\/10\/jmp_proyectos_9-768x585.jpg 768w\" sizes=\"(max-width: 1100px) 100vw, 1100px\" \/>\t\t\t\t\t\t\t\t\t\t\t\t\t\t\t<\/div>\n\t\t\t\t<\/div>\n\t\t\t\t<\/div>\n\t\t\t\t<\/div>\n\t\t\t\t\t<\/div>\n\t\t\t\t<\/div>\n\t\t<div class=\"elementor-element elementor-element-39fb1d60 e-flex e-con-boxed e-con e-parent\" data-id=\"39fb1d60\" data-element_type=\"container\" data-settings=\"{&quot;background_background&quot;:&quot;classic&quot;}\">\n\t\t\t\t\t<div class=\"e-con-inner\">\n\t\t\t\t<div class=\"elementor-element elementor-element-771bb77a elementor-align-left elementor-icon-list--layout-traditional elementor-list-item-link-full_width elementor-invisible elementor-widget elementor-widget-icon-list\" data-id=\"771bb77a\" data-element_type=\"widget\" data-settings=\"{&quot;_animation&quot;:&quot;fadeInUp&quot;}\" data-widget_type=\"icon-list.default\">\n\t\t\t\t\t\t\t<ul class=\"elementor-icon-list-items\">\n\t\t\t\t\t\t\t<li class=\"elementor-icon-list-item\">\n\t\t\t\t\t\t\t\t\t\t\t<span class=\"elementor-icon-list-icon\">\n\t\t\t\t\t\t\t<i aria-hidden=\"true\" class=\"icon icon-right-arrow\"><\/i>\t\t\t\t\t\t<\/span>\n\t\t\t\t\t\t\t\t\t\t<span class=\"elementor-icon-list-text\">Experience<\/span>\n\t\t\t\t\t\t\t\t\t<\/li>\n\t\t\t\t\t\t<\/ul>\n\t\t\t\t\t\t<\/div>\n\t\t\t\t<div class=\"elementor-element elementor-element-641830bb elementor-widget__width-initial elementor-invisible elementor-widget elementor-widget-heading\" data-id=\"641830bb\" data-element_type=\"widget\" data-settings=\"{&quot;_animation&quot;:&quot;fadeInUp&quot;}\" data-widget_type=\"heading.default\">\n\t\t\t\t\t<h2 class=\"elementor-heading-title elementor-size-default\">The experience and quality of our team are our best guarantee<\/h2>\t\t\t\t<\/div>\n\t\t<div class=\"elementor-element elementor-element-36f1b039 e-con-full e-flex e-con e-child\" data-id=\"36f1b039\" data-element_type=\"container\">\n\t\t<div class=\"elementor-element elementor-element-2eeaed36 e-con-full e-flex e-con e-child\" data-id=\"2eeaed36\" data-element_type=\"container\">\n\t\t\t\t<div class=\"elementor-element elementor-element-65fcbe60 elementor-invisible elementor-widget elementor-widget-text-editor\" data-id=\"65fcbe60\" data-element_type=\"widget\" data-settings=\"{&quot;_animation&quot;:&quot;fadeInUp&quot;}\" data-widget_type=\"text-editor.default\">\n\t\t\t\t\t\t\t\t\t<p class=\"translation-block\">At <strong data-start=\"470\" data-end=\"492\">JMP Construcciones<\/strong> we believe that the success of each project is built on a solid foundation: the professionalism, experience and commitment of our human team.<br data-start=\"643\" data-end=\"646\">We have specialized technicians and operators who supervise every detail of the construction process, applying the best techniques and materials to guarantee top quality results.<br data-start=\"838\" data-end=\"841\">Our track record and the works carried out in Vigo and the entire province of Pontevedra are the best guarantee of a company that is committed to excellence, trust and a job well done.<\/p>\t\t\t\t\t\t\t\t<\/div>\n\t\t\t\t<\/div>\n\t\t<div class=\"elementor-element elementor-element-50abc2a8 e-con-full e-flex e-con e-child\" data-id=\"50abc2a8\" data-element_type=\"container\">\n\t\t\t\t<div class=\"elementor-element elementor-element-2c7c4430 elementor-invisible elementor-widget elementor-widget-image\" data-id=\"2c7c4430\" data-element_type=\"widget\" data-settings=\"{&quot;_animation&quot;:&quot;fadeInUp&quot;}\" data-widget_type=\"image.default\">\n\t\t\t\t\t\t\t\t\t\t\t\t\t\t\t<img loading=\"lazy\" decoding=\"async\" width=\"1200\" height=\"914\" src=\"https:\/\/jolly-bartik.49-13-251-93.plesk.page\/wp-content\/uploads\/2025\/10\/serv-5.jpg\" class=\"attachment-full size-full wp-image-390\" alt=\"\" srcset=\"https:\/\/jolly-bartik.49-13-251-93.plesk.page\/wp-content\/uploads\/2025\/10\/serv-5.jpg 1200w, https:\/\/jolly-bartik.49-13-251-93.plesk.page\/wp-content\/uploads\/2025\/10\/serv-5-300x229.jpg 300w, https:\/\/jolly-bartik.49-13-251-93.plesk.page\/wp-content\/uploads\/2025\/10\/serv-5-1024x780.jpg 1024w, https:\/\/jolly-bartik.49-13-251-93.plesk.page\/wp-content\/uploads\/2025\/10\/serv-5-768x585.jpg 768w\" sizes=\"(max-width: 1200px) 100vw, 1200px\" \/>\t\t\t\t\t\t\t\t\t\t\t\t\t\t\t<\/div>\n\t\t\t\t<\/div>\n\t\t\t\t<\/div>\n\t\t\t\t\t<\/div>\n\t\t\t\t<\/div>\n\t\t\t\t<\/div>","protected":false},"excerpt":{"rendered":"<p>Descubre m\u00e1s de JMP Construcciones Servicios Servicios Construimos soluciones a medida para cada proyecto En JMP Construcciones ofrecemos un servicio integral que abarca todas las \u00e1reas de la construcci\u00f3n: desde obra nueva y reformas integrales hasta proyectos industriales y rehabilitaci\u00f3n de edificios.Cada trabajo se desarrolla con precisi\u00f3n t\u00e9cnica, materiales de calidad y un compromiso absoluto [&hellip;]<\/p>","protected":false},"author":1,"featured_media":0,"parent":0,"menu_order":0,"comment_status":"closed","ping_status":"closed","template":"elementor_header_footer","meta":{"footnotes":""},"class_list":["post-327","page","type-page","status-publish","hentry"],"_links":{"self":[{"href":"https:\/\/jolly-bartik.49-13-251-93.plesk.page\/en\/wp-json\/wp\/v2\/pages\/327","targetHints":{"allow":["GET"]}}],"collection":[{"href":"https:\/\/jolly-bartik.49-13-251-93.plesk.page\/en\/wp-json\/wp\/v2\/pages"}],"about":[{"href":"https:\/\/jolly-bartik.49-13-251-93.plesk.page\/en\/wp-json\/wp\/v2\/types\/page"}],"author":[{"embeddable":true,"href":"https:\/\/jolly-bartik.49-13-251-93.plesk.page\/en\/wp-json\/wp\/v2\/users\/1"}],"replies":[{"embeddable":true,"href":"https:\/\/jolly-bartik.49-13-251-93.plesk.page\/en\/wp-json\/wp\/v2\/comments?post=327"}],"version-history":[{"count":43,"href":"https:\/\/jolly-bartik.49-13-251-93.plesk.page\/en\/wp-json\/wp\/v2\/pages\/327\/revisions"}],"predecessor-version":[{"id":393,"href":"https:\/\/jolly-bartik.49-13-251-93.plesk.page\/en\/wp-json\/wp\/v2\/pages\/327\/revisions\/393"}],"wp:attachment":[{"href":"https:\/\/jolly-bartik.49-13-251-93.plesk.page\/en\/wp-json\/wp\/v2\/media?parent=327"}],"curies":[{"name":"wp","href":"https:\/\/api.w.org\/{rel}","templated":true}]}}